{"id":913,"date":"2026-01-09T12:14:35","date_gmt":"2026-01-09T12:14:35","guid":{"rendered":"https:\/\/veraconstrucciones.uy\/wp\/?post_type=product&#038;p=913"},"modified":"2026-01-10T22:10:49","modified_gmt":"2026-01-10T22:10:49","slug":"cano-50x100-en-16-mm","status":"publish","type":"product","link":"https:\/\/veraconstrucciones.uy\/wp\/product\/cano-50x100-en-16-mm\/","title":{"rendered":"Ca\u00f1o 50\u00d7100 en 1,6 mm"},"content":{"rendered":"<p>Ca\u00f1o 50\u00d7100 en 1,6 mm<\/p>\n","protected":false},"excerpt":{"rendered":"<p>Ca\u00f1o 50\u00d7100 en 1,6 mm<\/p>\n","protected":false},"featured_media":0,"comment_status":"open","ping_status":"closed","template":"","meta":{"_et_pb_use_builder":"","_et_pb_old_content":"","_et_gb_content_width":"","pagelayer_contact_templates":[],"_pagelayer_content":""},"product_brand":[],"product_cat":[47],"product_tag":[],"class_list":{"0":"post-913","1":"product","2":"type-product","3":"status-publish","5":"product_cat-1-6-mm","7":"first","8":"instock","9":"shipping-taxable","10":"purchasable","11":"product-type-simple"},"jetpack_sharing_enabled":true,"_links":{"self":[{"href":"https:\/\/veraconstrucciones.uy\/wp\/wp-json\/wp\/v2\/product\/913","targetHints":{"allow":["GET"]}}],"collection":[{"href":"https:\/\/veraconstrucciones.uy\/wp\/wp-json\/wp\/v2\/product"}],"about":[{"href":"https:\/\/veraconstrucciones.uy\/wp\/wp-json\/wp\/v2\/types\/product"}],"replies":[{"embeddable":true,"href":"https:\/\/veraconstrucciones.uy\/wp\/wp-json\/wp\/v2\/comments?post=913"}],"wp:attachment":[{"href":"https:\/\/veraconstrucciones.uy\/wp\/wp-json\/wp\/v2\/media?parent=913"}],"wp:term":[{"taxonomy":"product_brand","embeddable":true,"href":"https:\/\/veraconstrucciones.uy\/wp\/wp-json\/wp\/v2\/product_brand?post=913"},{"taxonomy":"product_cat","embeddable":true,"href":"https:\/\/veraconstrucciones.uy\/wp\/wp-json\/wp\/v2\/product_cat?post=913"},{"taxonomy":"product_tag","embeddable":true,"href":"https:\/\/veraconstrucciones.uy\/wp\/wp-json\/wp\/v2\/product_tag?post=913"}],"curies":[{"name":"wp","href":"https:\/\/api.w.org\/{rel}","templated":true}]}}