{"id":899,"date":"2026-01-09T12:08:46","date_gmt":"2026-01-09T12:08:46","guid":{"rendered":"https:\/\/veraconstrucciones.uy\/wp\/?post_type=product&#038;p=899"},"modified":"2026-01-10T22:12:30","modified_gmt":"2026-01-10T22:12:30","slug":"cano-40x60-en-16-mm","status":"publish","type":"product","link":"https:\/\/veraconstrucciones.uy\/wp\/product\/cano-40x60-en-16-mm\/","title":{"rendered":"Ca\u00f1o 40\u00d760 en 1,6 mm"},"content":{"rendered":"<p>Ca\u00f1o 40\u00d760 en 1,6 mm<\/p>\n","protected":false},"excerpt":{"rendered":"<p>Ca\u00f1o 40\u00d760 en 1,6 mm<\/p>\n","protected":false},"featured_media":0,"comment_status":"open","ping_status":"closed","template":"","meta":{"_et_pb_use_builder":"","_et_pb_old_content":"","_et_gb_content_width":"","pagelayer_contact_templates":[],"_pagelayer_content":""},"product_brand":[],"product_cat":[47],"product_tag":[],"class_list":{"0":"post-899","1":"product","2":"type-product","3":"status-publish","5":"product_cat-1-6-mm","7":"first","8":"instock","9":"shipping-taxable","10":"purchasable","11":"product-type-simple"},"jetpack_sharing_enabled":true,"_links":{"self":[{"href":"https:\/\/veraconstrucciones.uy\/wp\/wp-json\/wp\/v2\/product\/899","targetHints":{"allow":["GET"]}}],"collection":[{"href":"https:\/\/veraconstrucciones.uy\/wp\/wp-json\/wp\/v2\/product"}],"about":[{"href":"https:\/\/veraconstrucciones.uy\/wp\/wp-json\/wp\/v2\/types\/product"}],"replies":[{"embeddable":true,"href":"https:\/\/veraconstrucciones.uy\/wp\/wp-json\/wp\/v2\/comments?post=899"}],"wp:attachment":[{"href":"https:\/\/veraconstrucciones.uy\/wp\/wp-json\/wp\/v2\/media?parent=899"}],"wp:term":[{"taxonomy":"product_brand","embeddable":true,"href":"https:\/\/veraconstrucciones.uy\/wp\/wp-json\/wp\/v2\/product_brand?post=899"},{"taxonomy":"product_cat","embeddable":true,"href":"https:\/\/veraconstrucciones.uy\/wp\/wp-json\/wp\/v2\/product_cat?post=899"},{"taxonomy":"product_tag","embeddable":true,"href":"https:\/\/veraconstrucciones.uy\/wp\/wp-json\/wp\/v2\/product_tag?post=899"}],"curies":[{"name":"wp","href":"https:\/\/api.w.org\/{rel}","templated":true}]}}