{"id":873,"date":"2026-01-09T12:02:41","date_gmt":"2026-01-09T12:02:41","guid":{"rendered":"https:\/\/veraconstrucciones.uy\/wp\/?post_type=product&#038;p=873"},"modified":"2026-02-16T15:02:49","modified_gmt":"2026-02-16T15:02:49","slug":"cano-80x80-en-16-mm","status":"publish","type":"product","link":"https:\/\/veraconstrucciones.uy\/wp\/product\/cano-80x80-en-16-mm\/","title":{"rendered":"Ca\u00f1o 80\u00d780 en 1,6 mm"},"content":{"rendered":"<p>Ca\u00f1o 80\u00d780 en 1,6 mm<\/p>\n","protected":false},"excerpt":{"rendered":"<p>Ca\u00f1o 80\u00d780 en 1,6 mm<\/p>\n","protected":false},"featured_media":1410,"comment_status":"open","ping_status":"closed","template":"","meta":{"_et_pb_use_builder":"","_et_pb_old_content":"","_et_gb_content_width":"","pagelayer_contact_templates":[],"_pagelayer_content":""},"product_brand":[],"product_cat":[47],"product_tag":[],"class_list":{"0":"post-873","1":"product","2":"type-product","3":"status-publish","4":"has-post-thumbnail","6":"product_cat-1-6-mm","8":"first","9":"instock","10":"shipping-taxable","11":"purchasable","12":"product-type-simple"},"jetpack_sharing_enabled":true,"_links":{"self":[{"href":"https:\/\/veraconstrucciones.uy\/wp\/wp-json\/wp\/v2\/product\/873","targetHints":{"allow":["GET"]}}],"collection":[{"href":"https:\/\/veraconstrucciones.uy\/wp\/wp-json\/wp\/v2\/product"}],"about":[{"href":"https:\/\/veraconstrucciones.uy\/wp\/wp-json\/wp\/v2\/types\/product"}],"replies":[{"embeddable":true,"href":"https:\/\/veraconstrucciones.uy\/wp\/wp-json\/wp\/v2\/comments?post=873"}],"wp:featuredmedia":[{"embeddable":true,"href":"https:\/\/veraconstrucciones.uy\/wp\/wp-json\/wp\/v2\/media\/1410"}],"wp:attachment":[{"href":"https:\/\/veraconstrucciones.uy\/wp\/wp-json\/wp\/v2\/media?parent=873"}],"wp:term":[{"taxonomy":"product_brand","embeddable":true,"href":"https:\/\/veraconstrucciones.uy\/wp\/wp-json\/wp\/v2\/product_brand?post=873"},{"taxonomy":"product_cat","embeddable":true,"href":"https:\/\/veraconstrucciones.uy\/wp\/wp-json\/wp\/v2\/product_cat?post=873"},{"taxonomy":"product_tag","embeddable":true,"href":"https:\/\/veraconstrucciones.uy\/wp\/wp-json\/wp\/v2\/product_tag?post=873"}],"curies":[{"name":"wp","href":"https:\/\/api.w.org\/{rel}","templated":true}]}}